{"id":43,"date":"2024-12-24T03:54:50","date_gmt":"2024-12-24T03:54:50","guid":{"rendered":"https:\/\/psyykkari.fi\/?page_id=43"},"modified":"2026-02-08T08:08:16","modified_gmt":"2026-02-08T08:08:16","slug":"usein-kysytyt-kysymykset","status":"publish","type":"page","link":"https:\/\/psyykkari.fi\/index.php\/usein-kysytyt-kysymykset\/","title":{"rendered":"UKK"},"content":{"rendered":"\n<div class=\"wp-block-cover alignwide has-custom-content-position is-position-bottom-center\" style=\"margin-top:0;margin-bottom:0;min-height:100vh;aspect-ratio:unset;\"><img data-dominant-color=\"b6b5b5\" data-has-transparency=\"false\" style=\"--dominant-color: #b6b5b5;\" loading=\"lazy\" decoding=\"async\" width=\"1280\" height=\"1280\" class=\"wp-block-cover__image-background wp-image-1593 size-full not-transparent\" alt=\"\" src=\"https:\/\/psyykkari.fi\/wp-content\/uploads\/2025\/12\/IMG_2130.avif\" data-object-fit=\"cover\" srcset=\"https:\/\/psyykkari.fi\/wp-content\/uploads\/2025\/12\/IMG_2130.avif 1280w, https:\/\/psyykkari.fi\/wp-content\/uploads\/2025\/12\/IMG_2130-300x300.avif 300w, https:\/\/psyykkari.fi\/wp-content\/uploads\/2025\/12\/IMG_2130-1024x1024.avif 1024w, https:\/\/psyykkari.fi\/wp-content\/uploads\/2025\/12\/IMG_2130-150x150.avif 150w, https:\/\/psyykkari.fi\/wp-content\/uploads\/2025\/12\/IMG_2130-768x768.avif 768w\" sizes=\"auto, (max-width: 1280px) 100vw, 1280px\" \/><span aria-hidden=\"true\" class=\"wp-block-cover__background has-contrast-background-color has-background-dim-40 has-background-dim\"><\/span><div class=\"wp-block-cover__inner-container is-layout-flow wp-container-core-cover-is-layout-b7a159c5 wp-block-cover-is-layout-flow\">\n<h1 class=\"wp-block-heading\" style=\"margin-top:0;margin-right:var(--wp--preset--spacing--50);margin-bottom:0;margin-left:var(--wp--preset--spacing--50);padding-right:0;padding-left:0\"><strong>Usein kysytyt kysymykset <\/strong><\/h1>\n\n\n\n<h2 class=\"wp-block-heading has-large-font-size\" style=\"margin-top:var(--wp--preset--spacing--30);margin-right:var(--wp--preset--spacing--50);margin-bottom:var(--wp--preset--spacing--60);margin-left:var(--wp--preset--spacing--50)\"><strong>Psykologin keskusteluhoidosta ja ajanvarauksesta<\/strong><\/h2>\n<\/div><\/div>\n\n\n\n<div class=\"wp-block-group alignfull has-global-padding is-layout-constrained wp-block-group-is-layout-constrained\" style=\"margin-top:0;margin-bottom:0\">\n<div class=\"wp-block-group alignwide is-layout-flow wp-container-core-group-is-layout-d58a0413 wp-block-group-is-layout-flow\" style=\"padding-top:var(--wp--preset--spacing--50);padding-bottom:var(--wp--preset--spacing--50)\">\n<div class=\"wp-block-columns is-layout-flex wp-container-core-columns-is-layout-cbe57604 wp-block-columns-is-layout-flex\">\n<div class=\"wp-block-column is-layout-flow wp-block-column-is-layout-flow\">\n<div class=\"wp-block-group is-layout-flow wp-block-group-is-layout-flow\" style=\"border-top-color:var(--wp--preset--color--accent-6);border-top-width:1px;padding-top:var(--wp--preset--spacing--30);padding-bottom:var(--wp--preset--spacing--30)\">\n<h3 class=\"wp-block-heading\"><strong>Ajanvaraus ja yhteydenotto<\/strong><\/h3>\n\n\n\n<p>Voit varata ajan <a title=\"Brightlife\" href=\"https:\/\/flow.brightlife.fi\/terapeuttihaku\/05acdd08-73e7-44f4-8e99-08ad029fac7b\" target=\"_blank\" rel=\"noopener\">Brightlife<\/a>&#8211; tai <a href=\"https:\/\/minduu.fi\/fi\/profiili\/kari_kilpelainen\" target=\"_blank\" rel=\"noreferrer noopener\">Minduu-kalenterista<\/a>, tai l\u00e4hett\u00e4\u00e4 yhteydenotto- \/ aikavarauspyynn\u00f6n <a data-type=\"page\" data-id=\"181\" href=\"https:\/\/psyykkari.fi\/index.php\/etusivu\/yhteydenottolomake\/\">t\u00e4st\u00e4.<\/a> Palvelu toimii et\u00e4n\u00e4 tai Tampereen l\u00e4hipalveluna<\/p>\n<\/div>\n<\/div>\n\n\n\n<div class=\"wp-block-column is-layout-flow wp-block-column-is-layout-flow\">\n<div class=\"wp-block-group is-layout-flow wp-block-group-is-layout-flow\" style=\"border-top-color:var(--wp--preset--color--accent-6);border-top-width:1px;padding-top:var(--wp--preset--spacing--30);padding-bottom:var(--wp--preset--spacing--30)\">\n<h3 class=\"wp-block-heading\"><strong>Keskustelujen sis\u00e4lt\u00f6<\/strong><\/h3>\n\n\n\n<p>Keskustelujen tavoitteena on l\u00f6yt\u00e4\u00e4 yhdess\u00e4 ratkaisukeskeisi\u00e4 keinoja ja uusia n\u00e4k\u00f6kulmia, joita tukevat my\u00f6s koti- ja pohdintateht\u00e4v\u00e4t.<\/p>\n<\/div>\n<\/div>\n<\/div>\n\n\n\n<div class=\"wp-block-columns is-layout-flex wp-container-core-columns-is-layout-cbe57604 wp-block-columns-is-layout-flex\">\n<div class=\"wp-block-column is-layout-flow wp-block-column-is-layout-flow\">\n<div class=\"wp-block-group is-layout-flow wp-block-group-is-layout-flow\" style=\"border-top-color:var(--wp--preset--color--accent-6);border-top-width:1px;padding-top:var(--wp--preset--spacing--30);padding-bottom:var(--wp--preset--spacing--30)\">\n<h3 class=\"wp-block-heading\"><strong><strong>Hinnat ja maksutavat<\/strong><\/strong><\/h3>\n\n\n\n<p>Et\u00e4yhteydell\u00e4 tapaaminen maksaa 69e ja kasvokkain tapaaminen Tampereen Psykologipalvelussa maksaa 84e. tarvittaessa voidaan sopia puhelin- tai videokeskustelu, ja sopia tarkemmin.<\/p>\n<\/div>\n<\/div>\n\n\n\n<div class=\"wp-block-column is-layout-flow wp-block-column-is-layout-flow\">\n<div class=\"wp-block-group is-layout-flow wp-block-group-is-layout-flow\" style=\"border-top-color:var(--wp--preset--color--accent-6);border-top-width:1px;padding-top:var(--wp--preset--spacing--30);padding-bottom:var(--wp--preset--spacing--30)\">\n<p>L\u00e4hipalveluna on mahdollista tavata Tampereen Psykologipalveluissa, H\u00e4meenkatu 25B (4krs)<\/p>\n\n\n\n<h3 class=\"wp-block-heading\"><strong>Kasvokkain tapaamiset<\/strong><\/h3>\n\n\n\n<p>Varaa aika <a href=\"https:\/\/psyykkari.fi\/index.php\/psykologipalvelu\/yhteydenottolomake\/\" title=\"Yhteydenottolomake\">t\u00e4st\u00e4<\/a>.<\/p>\n<\/div>\n<\/div>\n<\/div>\n\n\n\n<hr class=\"wp-block-separator has-alpha-channel-opacity\"\/>\n\n\n\n<h3 class=\"wp-block-heading\"><strong>Miten teko\u00e4ly parantaa terapiaa?<\/strong><\/h3>\n\n\n\n<p>Teko\u00e4ly toimii minulle &#8221;digitaalisena sihteerin\u00e4&#8221;, joka huolehtii muistiinpanojen puhtaaksikirjoittamisesta. T\u00e4m\u00e4 vapauttaa minut olemaan istunnossa l\u00e4sn\u00e4 ilman jatkuvaa muistiinpanojen tekemist\u00e4. <strong>T\u00e4rke\u00e4\u00e4<\/strong>:Tietoturvasi on taattu &#8211; j\u00e4rjestelm\u00e4ni toimii t\u00e4ysin ilman verkkoyhteytt\u00e4 omalla suojatulla laitteellani. Keskustelutiedot eiv\u00e4t koskaan siirry internetiin tai pilvipalveluihin (kuten ChatGPT:lle), vaan ne pysyv\u00e4t salattuna vain minun ty\u00f6koneellani. Halutessasi saat jokaisesta keskustelusta lyhyen koosteen onnistumisista, vahvuuksista ja pohdittavista asioista. <\/p>\n\n\n\n<hr class=\"wp-block-separator has-alpha-channel-opacity\"\/>\n\n\n\n<h3 class=\"wp-block-heading\"><strong>Psykologi vs. psykoterapeutti<\/strong><\/h3>\n\n\n\n<p>Psykoterapeutti on Valviran laillistama ja nimikesuojattu terveydenhuollon ammattihenkil\u00f6, joka on hankkinut itselleen v\u00e4hint\u00e4\u00e4n kolmivuotisen jatkokoulutuksen, johon kuuluu oma k\u00e4yty psykoterapia.<\/p>\n\n\n\n<p>Psykoterapeuttien lis\u00e4ksi terapiaty\u00f6t\u00e4 voivat tehd\u00e4 my\u00f6s laillistetut psykologit, jotka ovat k\u00e4yneet yliopistollisen psykologikoulutuksen, mutta eiv\u00e4t psykoterapeuttikoulutusta. My\u00f6s he ovat Valviran hyv\u00e4ksymi\u00e4 ammattihenkil\u00f6it\u00e4. Heid\u00e4n kohdallaan &#8221;<a href=\"https:\/\/minduu.fi\/fi\/profiili\/kari_kilpelainen\" target=\"_blank\" rel=\"noopener\" title=\"\">Minduu<\/a>&#8221; luettelossa on merkint\u00e4 \u201cPsykologin keskusteluhoito\u201d.<br><br><a href=\"https:\/\/minduu.fi\/fi\/psykoterapian-abc\/#mikaonp\" target=\"_blank\" rel=\"noopener\" title=\"\">Lue lis\u00e4\u00e4<\/a><\/p>\n\n\n\n<hr class=\"wp-block-separator has-alpha-channel-opacity\"\/>\n\n\n\n<p><strong>Yrityksen nimi ja tausta<\/strong><\/p>\n\n\n\n<p>T\u00e4m\u00e4 on hyv\u00e4 kysymys. Nyky\u00e4\u00e4n <a href=\"https:\/\/www.suomi.fi\/palvelut\/koulupsyykkari-viereman-kunta\/54c36850-184e-42b5-ba89-c98a07b45a14\" target=\"_blank\" rel=\"noopener\" title=\"kouluissa on psyykkareita\">kouluissa on psyykkareita<\/a> ja nimi voi sekoittua n\u00e4ihin t\u00e4rkeisiin teht\u00e4viin. Nimen taustalla on kaksi t\u00e4rke\u00e4\u00e4 asiaa: <br>Perustin yrityksen 1990-luvun alussa, jolloin <a href=\"https:\/\/psyykkari.fi\/index.php\/psykologipalvelu\/elamankerta\/\" title=\"Koulutus ja ty\u00f6kokemus\">opiskelin lyhytterapiaa<\/a> ja tein mm. psyykkist\u00e4 valmennusta urheilijoille. Tuolloin Psyykkari tuntui sopivalta nimelt\u00e4.<br>Toinen syy liittyy is\u00e4ni maalaiskauppaan, jonka nimi oli Sekatavarakauppa O. Kilpel\u00e4inen. Otin is\u00e4n kaupan nimest\u00e4 mallia ja nimeksi tuli Psyykkari K. Kilpel\u00e4inen. Jatkan nyt t\u00e4m\u00e4n yrityksen toimintaa monien vuosien j\u00e4lkeen.<\/p>\n\n\n\n<hr class=\"wp-block-separator has-alpha-channel-opacity\"\/>\n<\/div>\n<\/div>\n\n\n\n<div class=\"wp-block-group alignfull has-global-padding is-layout-constrained wp-container-core-group-is-layout-08655630 wp-block-group-is-layout-constrained\" style=\"margin-top:0;margin-bottom:0;padding-top:var(--wp--preset--spacing--80);padding-bottom:var(--wp--preset--spacing--80)\">\n<div class=\"wp-block-group alignwide is-layout-flow wp-block-group-is-layout-flow\">\n<h2 class=\"wp-block-heading has-text-align-center\"><em>Jos sinulla on muita kysymyksi\u00e4, otathan rohkeasti yhteytt\u00e4 \u2013 autan mielell\u00e4ni!<\/em><\/h2>\n\n\n\n<p class=\"has-text-align-center\"><strong>&gt;&gt; <a href=\"https:\/\/psyykkari.fi\/index.php\/psykologipalvelu\/yhteydenottolomake\/\" title=\"Yhteydenottolomake\">t\u00e4st\u00e4<\/a><\/strong><\/p>\n\n\n\n<div style=\"height:var(--wp--preset--spacing--40)\" aria-hidden=\"true\" class=\"wp-block-spacer\"><\/div>\n\n\n\n<h3 class=\"wp-block-heading has-text-align-center\">Seuraa meit\u00e4 somessa ajankohtaisista asioista ja hyv\u00e4n mielen vinkeist\u00e4<\/h3>\n\n\n\n<ul class=\"wp-block-social-links has-icon-color is-style-logos-only is-content-justification-center is-layout-flex wp-container-core-social-links-is-layout-a89b3969 wp-block-social-links-is-layout-flex\"><li class=\"wp-social-link wp-social-link-facebook has-contrast-color wp-block-social-link\"><a href=\"https:\/\/www.facebook.com\/profile.php?id=61569898660827&#038;locale=fi_FI\" class=\"wp-block-social-link-anchor\"><svg width=\"24\" height=\"24\" viewBox=\"0 0 24 24\" version=\"1.1\" xmlns=\"http:\/\/www.w3.org\/2000\/svg\" aria-hidden=\"true\" focusable=\"false\"><path d=\"M12 2C6.5 2 2 6.5 2 12c0 5 3.7 9.1 8.4 9.9v-7H7.9V12h2.5V9.8c0-2.5 1.5-3.9 3.8-3.9 1.1 0 2.2.2 2.2.2v2.5h-1.3c-1.2 0-1.6.8-1.6 1.6V12h2.8l-.4 2.9h-2.3v7C18.3 21.1 22 17 22 12c0-5.5-4.5-10-10-10z\"><\/path><\/svg><span class=\"wp-block-social-link-label screen-reader-text\">Facebook<\/span><\/a><\/li>\n\n<li class=\"wp-social-link wp-social-link-instagram has-contrast-color wp-block-social-link\"><a href=\"https:\/\/www.instagram.com\/kkilpe\/\" class=\"wp-block-social-link-anchor\"><svg width=\"24\" height=\"24\" viewBox=\"0 0 24 24\" version=\"1.1\" xmlns=\"http:\/\/www.w3.org\/2000\/svg\" aria-hidden=\"true\" focusable=\"false\"><path d=\"M12,4.622c2.403,0,2.688,0.009,3.637,0.052c0.877,0.04,1.354,0.187,1.671,0.31c0.42,0.163,0.72,0.358,1.035,0.673 c0.315,0.315,0.51,0.615,0.673,1.035c0.123,0.317,0.27,0.794,0.31,1.671c0.043,0.949,0.052,1.234,0.052,3.637 s-0.009,2.688-0.052,3.637c-0.04,0.877-0.187,1.354-0.31,1.671c-0.163,0.42-0.358,0.72-0.673,1.035 c-0.315,0.315-0.615,0.51-1.035,0.673c-0.317,0.123-0.794,0.27-1.671,0.31c-0.949,0.043-1.233,0.052-3.637,0.052 s-2.688-0.009-3.637-0.052c-0.877-0.04-1.354-0.187-1.671-0.31c-0.42-0.163-0.72-0.358-1.035-0.673 c-0.315-0.315-0.51-0.615-0.673-1.035c-0.123-0.317-0.27-0.794-0.31-1.671C4.631,14.688,4.622,14.403,4.622,12 s0.009-2.688,0.052-3.637c0.04-0.877,0.187-1.354,0.31-1.671c0.163-0.42,0.358-0.72,0.673-1.035 c0.315-0.315,0.615-0.51,1.035-0.673c0.317-0.123,0.794-0.27,1.671-0.31C9.312,4.631,9.597,4.622,12,4.622 M12,3 C9.556,3,9.249,3.01,8.289,3.054C7.331,3.098,6.677,3.25,6.105,3.472C5.513,3.702,5.011,4.01,4.511,4.511 c-0.5,0.5-0.808,1.002-1.038,1.594C3.25,6.677,3.098,7.331,3.054,8.289C3.01,9.249,3,9.556,3,12c0,2.444,0.01,2.751,0.054,3.711 c0.044,0.958,0.196,1.612,0.418,2.185c0.23,0.592,0.538,1.094,1.038,1.594c0.5,0.5,1.002,0.808,1.594,1.038 c0.572,0.222,1.227,0.375,2.185,0.418C9.249,20.99,9.556,21,12,21s2.751-0.01,3.711-0.054c0.958-0.044,1.612-0.196,2.185-0.418 c0.592-0.23,1.094-0.538,1.594-1.038c0.5-0.5,0.808-1.002,1.038-1.594c0.222-0.572,0.375-1.227,0.418-2.185 C20.99,14.751,21,14.444,21,12s-0.01-2.751-0.054-3.711c-0.044-0.958-0.196-1.612-0.418-2.185c-0.23-0.592-0.538-1.094-1.038-1.594 c-0.5-0.5-1.002-0.808-1.594-1.038c-0.572-0.222-1.227-0.375-2.185-0.418C14.751,3.01,14.444,3,12,3L12,3z M12,7.378 c-2.552,0-4.622,2.069-4.622,4.622S9.448,16.622,12,16.622s4.622-2.069,4.622-4.622S14.552,7.378,12,7.378z M12,15 c-1.657,0-3-1.343-3-3s1.343-3,3-3s3,1.343,3,3S13.657,15,12,15z M16.804,6.116c-0.596,0-1.08,0.484-1.08,1.08 s0.484,1.08,1.08,1.08c0.596,0,1.08-0.484,1.08-1.08S17.401,6.116,16.804,6.116z\"><\/path><\/svg><span class=\"wp-block-social-link-label screen-reader-text\">Instagram<\/span><\/a><\/li>\n\n<li class=\"wp-social-link wp-social-link-bluesky has-contrast-color wp-block-social-link\"><a href=\"https:\/\/kkilpe.bsky.social\" class=\"wp-block-social-link-anchor\"><svg width=\"24\" height=\"24\" viewBox=\"0 0 24 24\" version=\"1.1\" xmlns=\"http:\/\/www.w3.org\/2000\/svg\" aria-hidden=\"true\" focusable=\"false\"><path d=\"M6.3,4.2c2.3,1.7,4.8,5.3,5.7,7.2.9-1.9,3.4-5.4,5.7-7.2,1.7-1.3,4.3-2.2,4.3.9s-.4,5.2-.6,5.9c-.7,2.6-3.3,3.2-5.6,2.8,4,.7,5.1,3,2.9,5.3-5,5.2-6.7-2.8-6.7-2.8,0,0-1.7,8-6.7,2.8-2.2-2.3-1.2-4.6,2.9-5.3-2.3.4-4.9-.3-5.6-2.8-.2-.7-.6-5.3-.6-5.9,0-3.1,2.7-2.1,4.3-.9h0Z\"><\/path><\/svg><span class=\"wp-block-social-link-label screen-reader-text\">Bluesky<\/span><\/a><\/li>\n\n<li class=\"wp-social-link wp-social-link-tiktok has-contrast-color wp-block-social-link\"><a href=\"https:\/\/tiktok.com\/@kartsa27\" class=\"wp-block-social-link-anchor\"><svg width=\"24\" height=\"24\" viewBox=\"0 0 32 32\" version=\"1.1\" xmlns=\"http:\/\/www.w3.org\/2000\/svg\" aria-hidden=\"true\" focusable=\"false\"><path d=\"M16.708 0.027c1.745-0.027 3.48-0.011 5.213-0.027 0.105 2.041 0.839 4.12 2.333 5.563 1.491 1.479 3.6 2.156 5.652 2.385v5.369c-1.923-0.063-3.855-0.463-5.6-1.291-0.76-0.344-1.468-0.787-2.161-1.24-0.009 3.896 0.016 7.787-0.025 11.667-0.104 1.864-0.719 3.719-1.803 5.255-1.744 2.557-4.771 4.224-7.88 4.276-1.907 0.109-3.812-0.411-5.437-1.369-2.693-1.588-4.588-4.495-4.864-7.615-0.032-0.667-0.043-1.333-0.016-1.984 0.24-2.537 1.495-4.964 3.443-6.615 2.208-1.923 5.301-2.839 8.197-2.297 0.027 1.975-0.052 3.948-0.052 5.923-1.323-0.428-2.869-0.308-4.025 0.495-0.844 0.547-1.485 1.385-1.819 2.333-0.276 0.676-0.197 1.427-0.181 2.145 0.317 2.188 2.421 4.027 4.667 3.828 1.489-0.016 2.916-0.88 3.692-2.145 0.251-0.443 0.532-0.896 0.547-1.417 0.131-2.385 0.079-4.76 0.095-7.145 0.011-5.375-0.016-10.735 0.025-16.093z\" \/><\/svg><span class=\"wp-block-social-link-label screen-reader-text\">TikTok<\/span><\/a><\/li><\/ul>\n<\/div>\n<\/div>\n\n\n\n<div class=\"wp-block-columns is-layout-flex wp-container-core-columns-is-layout-28f84493 wp-block-columns-is-layout-flex\"><\/div>\n","protected":false},"excerpt":{"rendered":"<p>Ajanvaraus ja yhteydenotto Voit varata ajan Brightlife&#8211; tai Minduu-kalenterista, tai l\u00e4hett\u00e4\u00e4 yhteydenotto- \/ aikavarauspyynn\u00f6n t\u00e4st\u00e4. Palvelu toimii et\u00e4n\u00e4 tai Tampereen l\u00e4hipalveluna Keskustelujen sis\u00e4lt\u00f6 Keskustelujen tavoitteena on l\u00f6yt\u00e4\u00e4 yhdess\u00e4 ratkaisukeskeisi\u00e4 keinoja ja uusia n\u00e4k\u00f6kulmia, joita tukevat my\u00f6s koti- ja pohdintateht\u00e4v\u00e4t. Hinnat ja maksutavat Et\u00e4yhteydell\u00e4 tapaaminen maksaa 69e ja kasvokkain tapaaminen Tampereen Psykologipalvelussa maksaa 84e. tarvittaessa voidaan [&hellip;]<\/p>\n","protected":false},"author":1,"featured_media":249,"parent":0,"menu_order":0,"comment_status":"closed","ping_status":"closed","template":"","meta":{"om_disable_all_campaigns":false,"_monsterinsights_skip_tracking":false,"_monsterinsights_sitenote_active":false,"_monsterinsights_sitenote_note":"","_monsterinsights_sitenote_category":0,"footnotes":""},"class_list":["post-43","page","type-page","status-publish","has-post-thumbnail","hentry"],"yoast_head":"<!-- This site is optimized with the Yoast SEO plugin v27.5 - https:\/\/yoast.com\/product\/yoast-seo-wordpress\/ -->\n<title>UKK - Psykologipalvelu Kari Kilpel&auml;inen<\/title>\n<meta name=\"description\" content=\"L\u00f6yd\u00e4 vastaukset yleisimpiin kysymyksiin psykologin keskusteluhoidosta, ajanvarauksesta, hinnoista ja palvelumuodoista. Varaa aika helposti Tampereella tai et\u00e4n\u00e4.\" \/>\n<meta name=\"robots\" content=\"index, follow, max-snippet:-1, max-image-preview:large, max-video-preview:-1\" \/>\n<link rel=\"canonical\" href=\"https:\/\/psyykkari.fi\/index.php\/usein-kysytyt-kysymykset\/\" \/>\n<meta property=\"og:locale\" content=\"fi_FI\" \/>\n<meta property=\"og:type\" content=\"article\" \/>\n<meta property=\"og:title\" content=\"UKK - Psykologipalvelu Kari Kilpel&auml;inen\" \/>\n<meta property=\"og:description\" content=\"L\u00f6yd\u00e4 vastaukset yleisimpiin kysymyksiin psykologin keskusteluhoidosta, ajanvarauksesta, hinnoista ja palvelumuodoista. Varaa aika helposti Tampereella tai et\u00e4n\u00e4.\" \/>\n<meta property=\"og:url\" content=\"https:\/\/psyykkari.fi\/index.php\/usein-kysytyt-kysymykset\/\" \/>\n<meta property=\"og:site_name\" content=\"Psykologipalvelu Kari Kilpel&auml;inen\" \/>\n<meta property=\"article:publisher\" content=\"https:\/\/www.facebook.com\/profile.php?id=61569898660827\" \/>\n<meta property=\"article:modified_time\" content=\"2026-02-08T08:08:16+00:00\" \/>\n<meta property=\"og:image\" content=\"https:\/\/psyykkari.fi\/wp-content\/uploads\/2024\/12\/AI_Generated_study-two-online.jpg\" \/>\n\t<meta property=\"og:image:width\" content=\"1024\" \/>\n\t<meta property=\"og:image:height\" content=\"1024\" \/>\n\t<meta property=\"og:image:type\" content=\"image\/jpeg\" \/>\n<meta name=\"twitter:card\" content=\"summary_large_image\" \/>\n<meta name=\"twitter:label1\" content=\"Arvioitu lukuaika\" \/>\n\t<meta name=\"twitter:data1\" content=\"3 minuuttia\" \/>\n<script type=\"application\/ld+json\" class=\"yoast-schema-graph\">{\"@context\":\"https:\\\/\\\/schema.org\",\"@graph\":[{\"@type\":\"WebPage\",\"@id\":\"https:\\\/\\\/psyykkari.fi\\\/index.php\\\/usein-kysytyt-kysymykset\\\/\",\"url\":\"https:\\\/\\\/psyykkari.fi\\\/index.php\\\/usein-kysytyt-kysymykset\\\/\",\"name\":\"UKK - Psykologipalvelu Kari Kilpel&auml;inen\",\"isPartOf\":{\"@id\":\"https:\\\/\\\/psyykkari.fi\\\/#website\"},\"primaryImageOfPage\":{\"@id\":\"https:\\\/\\\/psyykkari.fi\\\/index.php\\\/usein-kysytyt-kysymykset\\\/#primaryimage\"},\"image\":{\"@id\":\"https:\\\/\\\/psyykkari.fi\\\/index.php\\\/usein-kysytyt-kysymykset\\\/#primaryimage\"},\"thumbnailUrl\":\"https:\\\/\\\/psyykkari.fi\\\/wp-content\\\/uploads\\\/2024\\\/12\\\/AI_Generated_study-two-online.jpg\",\"datePublished\":\"2024-12-24T03:54:50+00:00\",\"dateModified\":\"2026-02-08T08:08:16+00:00\",\"description\":\"L\u00f6yd\u00e4 vastaukset yleisimpiin kysymyksiin psykologin keskusteluhoidosta, ajanvarauksesta, hinnoista ja palvelumuodoista. Varaa aika helposti Tampereella tai et\u00e4n\u00e4.\",\"breadcrumb\":{\"@id\":\"https:\\\/\\\/psyykkari.fi\\\/index.php\\\/usein-kysytyt-kysymykset\\\/#breadcrumb\"},\"inLanguage\":\"fi\",\"potentialAction\":[{\"@type\":\"ReadAction\",\"target\":[\"https:\\\/\\\/psyykkari.fi\\\/index.php\\\/usein-kysytyt-kysymykset\\\/\"]}]},{\"@type\":\"ImageObject\",\"inLanguage\":\"fi\",\"@id\":\"https:\\\/\\\/psyykkari.fi\\\/index.php\\\/usein-kysytyt-kysymykset\\\/#primaryimage\",\"url\":\"https:\\\/\\\/psyykkari.fi\\\/wp-content\\\/uploads\\\/2024\\\/12\\\/AI_Generated_study-two-online.jpg\",\"contentUrl\":\"https:\\\/\\\/psyykkari.fi\\\/wp-content\\\/uploads\\\/2024\\\/12\\\/AI_Generated_study-two-online.jpg\",\"width\":1024,\"height\":1024,\"caption\":\"Lyhytterapiaa et\u00e4yhteydell\u00e4\"},{\"@type\":\"BreadcrumbList\",\"@id\":\"https:\\\/\\\/psyykkari.fi\\\/index.php\\\/usein-kysytyt-kysymykset\\\/#breadcrumb\",\"itemListElement\":[{\"@type\":\"ListItem\",\"position\":1,\"name\":\"Etusivu\",\"item\":\"https:\\\/\\\/psyykkari.fi\\\/\"},{\"@type\":\"ListItem\",\"position\":2,\"name\":\"UKK\"}]},{\"@type\":\"WebSite\",\"@id\":\"https:\\\/\\\/psyykkari.fi\\\/#website\",\"url\":\"https:\\\/\\\/psyykkari.fi\\\/\",\"name\":\"Psykologipalvelu Kari Kilpel\u00e4inen\",\"description\":\"Ratkaisukeskeist&auml; keskustelutukea\",\"publisher\":{\"@id\":\"https:\\\/\\\/psyykkari.fi\\\/#organization\"},\"potentialAction\":[{\"@type\":\"SearchAction\",\"target\":{\"@type\":\"EntryPoint\",\"urlTemplate\":\"https:\\\/\\\/psyykkari.fi\\\/?s={search_term_string}\"},\"query-input\":{\"@type\":\"PropertyValueSpecification\",\"valueRequired\":true,\"valueName\":\"search_term_string\"}}],\"inLanguage\":\"fi\"},{\"@type\":\"Organization\",\"@id\":\"https:\\\/\\\/psyykkari.fi\\\/#organization\",\"name\":\"Psykologipalvelu Kari Kilpel\u00e4inen\",\"url\":\"https:\\\/\\\/psyykkari.fi\\\/\",\"logo\":{\"@type\":\"ImageObject\",\"inLanguage\":\"fi\",\"@id\":\"https:\\\/\\\/psyykkari.fi\\\/#\\\/schema\\\/logo\\\/image\\\/\",\"url\":\"https:\\\/\\\/psyykkari.fi\\\/wp-content\\\/uploads\\\/2025\\\/12\\\/logo500.avif\",\"contentUrl\":\"https:\\\/\\\/psyykkari.fi\\\/wp-content\\\/uploads\\\/2025\\\/12\\\/logo500.avif\",\"width\":500,\"height\":500,\"caption\":\"Psykologipalvelu Kari Kilpel\u00e4inen\"},\"image\":{\"@id\":\"https:\\\/\\\/psyykkari.fi\\\/#\\\/schema\\\/logo\\\/image\\\/\"},\"sameAs\":[\"https:\\\/\\\/www.facebook.com\\\/profile.php?id=61569898660827\"]}]}<\/script>\n<!-- \/ Yoast SEO plugin. -->","yoast_head_json":{"title":"UKK - Psykologipalvelu Kari Kilpel&auml;inen","description":"L\u00f6yd\u00e4 vastaukset yleisimpiin kysymyksiin psykologin keskusteluhoidosta, ajanvarauksesta, hinnoista ja palvelumuodoista. Varaa aika helposti Tampereella tai et\u00e4n\u00e4.","robots":{"index":"index","follow":"follow","max-snippet":"max-snippet:-1","max-image-preview":"max-image-preview:large","max-video-preview":"max-video-preview:-1"},"canonical":"https:\/\/psyykkari.fi\/index.php\/usein-kysytyt-kysymykset\/","og_locale":"fi_FI","og_type":"article","og_title":"UKK - Psykologipalvelu Kari Kilpel&auml;inen","og_description":"L\u00f6yd\u00e4 vastaukset yleisimpiin kysymyksiin psykologin keskusteluhoidosta, ajanvarauksesta, hinnoista ja palvelumuodoista. Varaa aika helposti Tampereella tai et\u00e4n\u00e4.","og_url":"https:\/\/psyykkari.fi\/index.php\/usein-kysytyt-kysymykset\/","og_site_name":"Psykologipalvelu Kari Kilpel&auml;inen","article_publisher":"https:\/\/www.facebook.com\/profile.php?id=61569898660827","article_modified_time":"2026-02-08T08:08:16+00:00","og_image":[{"width":1024,"height":1024,"url":"https:\/\/psyykkari.fi\/wp-content\/uploads\/2024\/12\/AI_Generated_study-two-online.jpg","type":"image\/jpeg"}],"twitter_card":"summary_large_image","twitter_misc":{"Arvioitu lukuaika":"3 minuuttia"},"schema":{"@context":"https:\/\/schema.org","@graph":[{"@type":"WebPage","@id":"https:\/\/psyykkari.fi\/index.php\/usein-kysytyt-kysymykset\/","url":"https:\/\/psyykkari.fi\/index.php\/usein-kysytyt-kysymykset\/","name":"UKK - Psykologipalvelu Kari Kilpel&auml;inen","isPartOf":{"@id":"https:\/\/psyykkari.fi\/#website"},"primaryImageOfPage":{"@id":"https:\/\/psyykkari.fi\/index.php\/usein-kysytyt-kysymykset\/#primaryimage"},"image":{"@id":"https:\/\/psyykkari.fi\/index.php\/usein-kysytyt-kysymykset\/#primaryimage"},"thumbnailUrl":"https:\/\/psyykkari.fi\/wp-content\/uploads\/2024\/12\/AI_Generated_study-two-online.jpg","datePublished":"2024-12-24T03:54:50+00:00","dateModified":"2026-02-08T08:08:16+00:00","description":"L\u00f6yd\u00e4 vastaukset yleisimpiin kysymyksiin psykologin keskusteluhoidosta, ajanvarauksesta, hinnoista ja palvelumuodoista. Varaa aika helposti Tampereella tai et\u00e4n\u00e4.","breadcrumb":{"@id":"https:\/\/psyykkari.fi\/index.php\/usein-kysytyt-kysymykset\/#breadcrumb"},"inLanguage":"fi","potentialAction":[{"@type":"ReadAction","target":["https:\/\/psyykkari.fi\/index.php\/usein-kysytyt-kysymykset\/"]}]},{"@type":"ImageObject","inLanguage":"fi","@id":"https:\/\/psyykkari.fi\/index.php\/usein-kysytyt-kysymykset\/#primaryimage","url":"https:\/\/psyykkari.fi\/wp-content\/uploads\/2024\/12\/AI_Generated_study-two-online.jpg","contentUrl":"https:\/\/psyykkari.fi\/wp-content\/uploads\/2024\/12\/AI_Generated_study-two-online.jpg","width":1024,"height":1024,"caption":"Lyhytterapiaa et\u00e4yhteydell\u00e4"},{"@type":"BreadcrumbList","@id":"https:\/\/psyykkari.fi\/index.php\/usein-kysytyt-kysymykset\/#breadcrumb","itemListElement":[{"@type":"ListItem","position":1,"name":"Etusivu","item":"https:\/\/psyykkari.fi\/"},{"@type":"ListItem","position":2,"name":"UKK"}]},{"@type":"WebSite","@id":"https:\/\/psyykkari.fi\/#website","url":"https:\/\/psyykkari.fi\/","name":"Psykologipalvelu Kari Kilpel\u00e4inen","description":"Ratkaisukeskeist&auml; keskustelutukea","publisher":{"@id":"https:\/\/psyykkari.fi\/#organization"},"potentialAction":[{"@type":"SearchAction","target":{"@type":"EntryPoint","urlTemplate":"https:\/\/psyykkari.fi\/?s={search_term_string}"},"query-input":{"@type":"PropertyValueSpecification","valueRequired":true,"valueName":"search_term_string"}}],"inLanguage":"fi"},{"@type":"Organization","@id":"https:\/\/psyykkari.fi\/#organization","name":"Psykologipalvelu Kari Kilpel\u00e4inen","url":"https:\/\/psyykkari.fi\/","logo":{"@type":"ImageObject","inLanguage":"fi","@id":"https:\/\/psyykkari.fi\/#\/schema\/logo\/image\/","url":"https:\/\/psyykkari.fi\/wp-content\/uploads\/2025\/12\/logo500.avif","contentUrl":"https:\/\/psyykkari.fi\/wp-content\/uploads\/2025\/12\/logo500.avif","width":500,"height":500,"caption":"Psykologipalvelu Kari Kilpel\u00e4inen"},"image":{"@id":"https:\/\/psyykkari.fi\/#\/schema\/logo\/image\/"},"sameAs":["https:\/\/www.facebook.com\/profile.php?id=61569898660827"]}]}},"_links":{"self":[{"href":"https:\/\/psyykkari.fi\/index.php\/wp-json\/wp\/v2\/pages\/43","targetHints":{"allow":["GET"]}}],"collection":[{"href":"https:\/\/psyykkari.fi\/index.php\/wp-json\/wp\/v2\/pages"}],"about":[{"href":"https:\/\/psyykkari.fi\/index.php\/wp-json\/wp\/v2\/types\/page"}],"author":[{"embeddable":true,"href":"https:\/\/psyykkari.fi\/index.php\/wp-json\/wp\/v2\/users\/1"}],"replies":[{"embeddable":true,"href":"https:\/\/psyykkari.fi\/index.php\/wp-json\/wp\/v2\/comments?post=43"}],"version-history":[{"count":71,"href":"https:\/\/psyykkari.fi\/index.php\/wp-json\/wp\/v2\/pages\/43\/revisions"}],"predecessor-version":[{"id":1607,"href":"https:\/\/psyykkari.fi\/index.php\/wp-json\/wp\/v2\/pages\/43\/revisions\/1607"}],"wp:featuredmedia":[{"embeddable":true,"href":"https:\/\/psyykkari.fi\/index.php\/wp-json\/wp\/v2\/media\/249"}],"wp:attachment":[{"href":"https:\/\/psyykkari.fi\/index.php\/wp-json\/wp\/v2\/media?parent=43"}],"curies":[{"name":"wp","href":"https:\/\/api.w.org\/{rel}","templated":true}]}}