{"id":181,"date":"2024-12-17T13:20:35","date_gmt":"2024-12-17T13:20:35","guid":{"rendered":"https:\/\/psyykkari.fi\/?page_id=181"},"modified":"2026-01-07T10:45:00","modified_gmt":"2026-01-07T10:45:00","slug":"yhteydenottolomake","status":"publish","type":"page","link":"https:\/\/psyykkari.fi\/index.php\/psykologipalvelu\/yhteydenottolomake\/","title":{"rendered":"Yhteydenotto"},"content":{"rendered":"\n<div class=\"wp-block-cover alignwide has-custom-content-position is-position-bottom-center\" style=\"min-height:100vh;aspect-ratio:unset;\"><img loading=\"lazy\" decoding=\"async\" width=\"1024\" height=\"1024\" class=\"wp-block-cover__image-background wp-image-233\" alt=\"Psykologin keskusteluhoito et\u00e4yhteydell\u00e4\" src=\"https:\/\/psyykkari.fi\/wp-content\/uploads\/2024\/12\/AI_Generated_Image_2024-12-18_472205665028201.jpg\" data-object-fit=\"cover\" srcset=\"https:\/\/psyykkari.fi\/wp-content\/uploads\/2024\/12\/AI_Generated_Image_2024-12-18_472205665028201.jpg 1024w, https:\/\/psyykkari.fi\/wp-content\/uploads\/2024\/12\/AI_Generated_Image_2024-12-18_472205665028201-300x300.jpg 300w, https:\/\/psyykkari.fi\/wp-content\/uploads\/2024\/12\/AI_Generated_Image_2024-12-18_472205665028201-150x150.jpg 150w, https:\/\/psyykkari.fi\/wp-content\/uploads\/2024\/12\/AI_Generated_Image_2024-12-18_472205665028201-768x768.jpg 768w\" sizes=\"auto, (max-width: 1024px) 100vw, 1024px\" \/><span aria-hidden=\"true\" class=\"wp-block-cover__background has-background-dim\"><\/span><div class=\"wp-block-cover__inner-container is-layout-flow wp-block-cover-is-layout-flow\">\n<h1 class=\"wp-block-heading\" style=\"margin-left:var(--wp--preset--spacing--50)\">Ota yhteytt\u00e4 \u2013 varaa aika keskusteluun<\/h1>\n\n\n\n<h2 class=\"wp-block-heading\" style=\"margin-left:var(--wp--preset--spacing--50)\">Kari Kilpel\u00e4isen lyhyt esittely<\/h2>\n\n\n\n<div class=\"wp-block-buttons is-content-justification-left is-layout-flex wp-container-core-buttons-is-layout-c6caf245 wp-block-buttons-is-layout-flex\" style=\"margin-top:var(--wp--preset--spacing--20);margin-bottom:var(--wp--preset--spacing--20);padding-top:var(--wp--preset--spacing--40);padding-right:var(--wp--preset--spacing--50);padding-bottom:var(--wp--preset--spacing--40);padding-left:var(--wp--preset--spacing--50)\">\n<div class=\"wp-block-button\"><a class=\"wp-block-button__link wp-element-button\" href=\"https:\/\/flow.brightlife.fi\/terapeuttihaku\/05acdd08-73e7-44f4-8e99-08ad029fac7b\" target=\"_blank\" rel=\"noreferrer noopener\">Esittely<\/a><\/div>\n<\/div>\n<\/div><\/div>\n\n\n\n<div class=\"wp-block-media-text alignwide has-media-on-the-right is-stacked-on-mobile\"><div class=\"wp-block-media-text__content\">\n<p><em>Voit l\u00e4hett\u00e4\u00e4 yhteydenottopyynn\u00f6n, viestin, varata aikaa, kysy\u00e4 palvelusta tai pyyt\u00e4\u00e4 maksuttoman tutustumisen. <\/em><\/p>\n\n\n\n<p>L\u00e4het\u00e4 viesti alla olevalla lomakkeella. Kaikki yhteydenotot k\u00e4sitell\u00e4\u00e4n luottamuksellisesti.<\/p>\n\n\n\n<div class=\"wp-block-contact-form-7-contact-form-selector\">\n<div class=\"wpcf7 no-js\" id=\"wpcf7-f93-o1\" lang=\"fi\" dir=\"ltr\" data-wpcf7-id=\"93\">\n<div class=\"screen-reader-response\"><p role=\"status\" aria-live=\"polite\" aria-atomic=\"true\"><\/p> <ul><\/ul><\/div>\n<form action=\"\/index.php\/wp-json\/wp\/v2\/pages\/181#wpcf7-f93-o1\" method=\"post\" class=\"wpcf7-form init\" aria-label=\"Yhteydenottolomake\" novalidate=\"novalidate\" data-status=\"init\">\n<fieldset class=\"hidden-fields-container\"><input type=\"hidden\" name=\"_wpcf7\" value=\"93\" \/><input type=\"hidden\" name=\"_wpcf7_version\" value=\"6.1.5\" \/><input type=\"hidden\" name=\"_wpcf7_locale\" value=\"fi\" \/><input type=\"hidden\" name=\"_wpcf7_unit_tag\" value=\"wpcf7-f93-o1\" \/><input type=\"hidden\" name=\"_wpcf7_container_post\" value=\"0\" \/><input type=\"hidden\" name=\"_wpcf7_posted_data_hash\" value=\"\" \/><input type=\"hidden\" name=\"_wpcf7_recaptcha_response\" value=\"\" \/>\n<\/fieldset>\n<p><label> Nimesi<br \/>\n<span class=\"wpcf7-form-control-wrap\" data-name=\"your-name\"><input size=\"40\" maxlength=\"400\" class=\"wpcf7-form-control wpcf7-text wpcf7-validates-as-required\" autocomplete=\"name\" aria-required=\"true\" aria-invalid=\"false\" value=\"\" type=\"text\" name=\"your-name\" \/><\/span> <\/label>\n<\/p>\n<p><label> S\u00e4hk\u00f6postiosoitteesi<br \/>\n<span class=\"wpcf7-form-control-wrap\" data-name=\"your-email\"><input size=\"40\" maxlength=\"400\" class=\"wpcf7-form-control wpcf7-email wpcf7-validates-as-required wpcf7-text wpcf7-validates-as-email\" autocomplete=\"email\" aria-required=\"true\" aria-invalid=\"false\" value=\"\" type=\"email\" name=\"your-email\" \/><\/span> <\/label>\n<\/p>\n<p><label> Puh (vapaaehtoinen)<br \/>\n<span class=\"wpcf7-form-control-wrap\" data-name=\"tel-277\"><input size=\"40\" maxlength=\"400\" class=\"wpcf7-form-control wpcf7-tel wpcf7-text wpcf7-validates-as-tel\" aria-invalid=\"false\" value=\"\" type=\"tel\" name=\"tel-277\" \/><\/span> <\/label>\n<\/p>\n<p><label> Aihe<br \/>\n<span class=\"wpcf7-form-control-wrap\" data-name=\"your-subject\"><input size=\"40\" maxlength=\"400\" class=\"wpcf7-form-control wpcf7-text wpcf7-validates-as-required\" aria-required=\"true\" aria-invalid=\"false\" value=\"\" type=\"text\" name=\"your-subject\" \/><\/span> <\/label>\n<\/p>\n<p><label> Viestisi<br \/>\n<span class=\"wpcf7-form-control-wrap\" data-name=\"your-message\"><textarea cols=\"40\" rows=\"10\" maxlength=\"2000\" class=\"wpcf7-form-control wpcf7-textarea\" aria-invalid=\"false\" name=\"your-message\"><\/textarea><\/span> <\/label>\n<\/p>\n<p><input class=\"wpcf7-form-control wpcf7-submit has-spinner\" type=\"submit\" value=\"L\u00e4het\u00e4\" \/>\n<\/p><div class=\"wpcf7-response-output\" aria-hidden=\"true\"><\/div>\n<\/form>\n<\/div>\n<\/div>\n<\/div><figure class=\"wp-block-media-text__media\"><img data-dominant-color=\"a9a8a7\" data-has-transparency=\"false\" style=\"--dominant-color: #a9a8a7;\" loading=\"lazy\" decoding=\"async\" width=\"1024\" height=\"1024\" src=\"https:\/\/psyykkari.fi\/wp-content\/uploads\/2025\/02\/02869902-6052-4FD4-808F-A46003E044F3-1024x1024.webp\" alt=\"\" class=\"wp-image-531 size-full not-transparent\" srcset=\"https:\/\/psyykkari.fi\/wp-content\/uploads\/2025\/02\/02869902-6052-4FD4-808F-A46003E044F3-1024x1024.webp 1024w, https:\/\/psyykkari.fi\/wp-content\/uploads\/2025\/02\/02869902-6052-4FD4-808F-A46003E044F3-300x300.webp 300w, https:\/\/psyykkari.fi\/wp-content\/uploads\/2025\/02\/02869902-6052-4FD4-808F-A46003E044F3-150x150.webp 150w, https:\/\/psyykkari.fi\/wp-content\/uploads\/2025\/02\/02869902-6052-4FD4-808F-A46003E044F3-768x768.webp 768w, https:\/\/psyykkari.fi\/wp-content\/uploads\/2025\/02\/02869902-6052-4FD4-808F-A46003E044F3-1536x1536.webp 1536w, https:\/\/psyykkari.fi\/wp-content\/uploads\/2025\/02\/02869902-6052-4FD4-808F-A46003E044F3-2048x2048.webp 2048w\" sizes=\"auto, (max-width: 1024px) 100vw, 1024px\" \/><\/figure><\/div>\n\n\n\n<div class=\"wp-block-media-text alignwide is-stacked-on-mobile\"><figure  class=\"wp-block-media-text__media\"><img loading=\"lazy\" decoding=\"async\" width=\"1024\" height=\"1024\" alt=\"\" src=\"https:\/\/psyykkari.fi\/wp-content\/uploads\/2024\/12\/image-5.jpeg\" class=\"wp-image-227 size-full\" srcset=\"https:\/\/psyykkari.fi\/wp-content\/uploads\/2024\/12\/image-5.jpeg 1024w, https:\/\/psyykkari.fi\/wp-content\/uploads\/2024\/12\/image-5-300x300.jpeg 300w, https:\/\/psyykkari.fi\/wp-content\/uploads\/2024\/12\/image-5-150x150.jpeg 150w, https:\/\/psyykkari.fi\/wp-content\/uploads\/2024\/12\/image-5-768x768.jpeg 768w\" sizes=\"auto, (max-width: 1024px) 100vw, 1024px\" \/><\/figure><div class=\"wp-block-media-text__content\">\n<p class=\"has-text-align-center\">Voit kirjautua Brightlife-palveluun ja l\u00e4hett\u00e4\u00e4 viesti\u00e4 <\/p>\n\n\n\n<div class=\"wp-block-buttons is-content-justification-center is-layout-flex wp-container-core-buttons-is-layout-a89b3969 wp-block-buttons-is-layout-flex\">\n<div class=\"wp-block-button\"><a class=\"wp-block-button__link wp-element-button\" href=\"https:\/\/flow.brightlife.fi\/terapeuttihaku\/05acdd08-73e7-44f4-8e99-08ad029fac7b\/viesti\" target=\"_blank\" rel=\"noreferrer noopener\">L\u00e4het\u00e4 viesti<\/a><\/div>\n<\/div>\n\n\n\n<p class=\"has-text-align-center\">Tai varaa aika<\/p>\n\n\n\n<div class=\"wp-block-buttons is-content-justification-center is-layout-flex wp-container-core-buttons-is-layout-a89b3969 wp-block-buttons-is-layout-flex\">\n<div class=\"wp-block-button\"><a class=\"wp-block-button__link wp-element-button\" href=\"https:\/\/flow.brightlife.fi\/varaa\/05acdd08-73e7-44f4-8e99-08ad029fac7b\" target=\"_blank\" rel=\"noreferrer noopener\">Varaa aika<\/a><\/div>\n<\/div>\n\n\n\n<p class=\"has-text-align-center\">Voi my\u00f6s l\u00e4hett\u00e4\u00e4 WhatsAppviestin<\/p>\n\n\n\n<div class=\"wp-block-buttons is-content-justification-center is-layout-flex wp-container-core-buttons-is-layout-a89b3969 wp-block-buttons-is-layout-flex\">\n<div class=\"wp-block-button\"><a class=\"wp-block-button__link wp-element-button\" href=\"https:\/\/wa.me\/358409526920\" target=\"_blank\" rel=\"noreferrer noopener\">WhatsApp<\/a><\/div>\n<\/div>\n\n\n\n<p>Mail: kari.kilpelainen(at)<br>psyykkari.fi<\/p>\n\n\n\n<p>L\u00e4hivastaanotto: Tampereen Psykologipalvelu, H\u00e4meenkatu 25B 4krs. 33200 Tampere<\/p>\n<\/div><\/div>\n\n\n\n<hr class=\"wp-block-separator has-alpha-channel-opacity\"\/>\n\n\n\n<div class=\"wp-block-columns alignwide is-layout-flex wp-container-core-columns-is-layout-28f84493 wp-block-columns-is-layout-flex\">\n<div class=\"wp-block-column is-style-default is-layout-flow wp-block-column-is-layout-flow\" style=\"flex-basis:100%\">\n<div style=\"width: 100%; max-width: 800px; margin: 0 auto;\">\n  <iframe\n    src=\"https:\/\/www.google.com\/maps\/embed?pb=!1m18!1m12!1m3!1d1903.9482263623727!2d23.753512877321263!3d61.49719813564751!2m3!1f0!2f0!3f0!3m2!1i1024!2i768!4f13.1!3m3!1m2!1s0x468edfc90bc5ad01%3A0xca218e48ce190f6e!2sPsykologipalvelu%20Kari%20Kilpel%C3%A4inen!5e0!3m2!1sen!2sfi!4v1755868232251!5m2!1sen!2sfi\"\n    width=\"100%\"\n    height=\"450\"\n    style=\"border:0; display: block;\"\n    allowfullscreen=\"\"\n    loading=\"lazy\"\n    referrerpolicy=\"no-referrer-when-downgrade\"\n  ><\/iframe>\n<\/div>\n<\/div>\n<\/div>\n","protected":false},"excerpt":{"rendered":"","protected":false},"author":1,"featured_media":227,"parent":6,"menu_order":5,"comment_status":"closed","ping_status":"closed","template":"","meta":{"om_disable_all_campaigns":false,"_monsterinsights_skip_tracking":false,"_monsterinsights_sitenote_active":false,"_monsterinsights_sitenote_note":"","_monsterinsights_sitenote_category":0,"footnotes":""},"class_list":["post-181","page","type-page","status-publish","has-post-thumbnail","hentry"],"yoast_head":"<!-- This site is optimized with the Yoast SEO plugin v27.4 - https:\/\/yoast.com\/product\/yoast-seo-wordpress\/ -->\n<title>Yhteydenotto - Psykologipalvelu Kari Kilpel&auml;inen<\/title>\n<meta name=\"description\" content=\"Ota yhteytt\u00e4 helposti psykologille \u2013 varaa aika keskusteluun tai l\u00e4het\u00e4 viesti. Kaikki yhteydenotot k\u00e4sitell\u00e4\u00e4n luottamuksellisesti ja nopeasti.\" \/>\n<meta name=\"robots\" content=\"index, follow, max-snippet:-1, max-image-preview:large, max-video-preview:-1\" \/>\n<link rel=\"canonical\" href=\"https:\/\/psyykkari.fi\/index.php\/psykologipalvelu\/yhteydenottolomake\/\" \/>\n<meta property=\"og:locale\" content=\"fi_FI\" \/>\n<meta property=\"og:type\" content=\"article\" \/>\n<meta property=\"og:title\" content=\"Yhteydenotto - Psykologipalvelu Kari Kilpel&auml;inen\" \/>\n<meta property=\"og:description\" content=\"Ota yhteytt\u00e4 helposti psykologille \u2013 varaa aika keskusteluun tai l\u00e4het\u00e4 viesti. Kaikki yhteydenotot k\u00e4sitell\u00e4\u00e4n luottamuksellisesti ja nopeasti.\" \/>\n<meta property=\"og:url\" content=\"https:\/\/psyykkari.fi\/index.php\/psykologipalvelu\/yhteydenottolomake\/\" \/>\n<meta property=\"og:site_name\" content=\"Psykologipalvelu Kari Kilpel&auml;inen\" \/>\n<meta property=\"article:publisher\" content=\"https:\/\/www.facebook.com\/profile.php?id=61569898660827\" \/>\n<meta property=\"article:modified_time\" content=\"2026-01-07T10:45:00+00:00\" \/>\n<meta property=\"og:image\" content=\"https:\/\/psyykkari.fi\/wp-content\/uploads\/2024\/12\/image-5.jpeg\" \/>\n\t<meta property=\"og:image:width\" content=\"1024\" \/>\n\t<meta property=\"og:image:height\" content=\"1024\" \/>\n\t<meta property=\"og:image:type\" content=\"image\/jpeg\" \/>\n<meta name=\"twitter:card\" content=\"summary_large_image\" \/>\n<meta name=\"twitter:label1\" content=\"Arvioitu lukuaika\" \/>\n\t<meta name=\"twitter:data1\" content=\"1 minuutti\" \/>\n<script type=\"application\/ld+json\" class=\"yoast-schema-graph\">{\"@context\":\"https:\\\/\\\/schema.org\",\"@graph\":[{\"@type\":\"WebPage\",\"@id\":\"https:\\\/\\\/psyykkari.fi\\\/index.php\\\/psykologipalvelu\\\/yhteydenottolomake\\\/\",\"url\":\"https:\\\/\\\/psyykkari.fi\\\/index.php\\\/psykologipalvelu\\\/yhteydenottolomake\\\/\",\"name\":\"Yhteydenotto - Psykologipalvelu Kari Kilpel&auml;inen\",\"isPartOf\":{\"@id\":\"https:\\\/\\\/psyykkari.fi\\\/#website\"},\"primaryImageOfPage\":{\"@id\":\"https:\\\/\\\/psyykkari.fi\\\/index.php\\\/psykologipalvelu\\\/yhteydenottolomake\\\/#primaryimage\"},\"image\":{\"@id\":\"https:\\\/\\\/psyykkari.fi\\\/index.php\\\/psykologipalvelu\\\/yhteydenottolomake\\\/#primaryimage\"},\"thumbnailUrl\":\"https:\\\/\\\/psyykkari.fi\\\/wp-content\\\/uploads\\\/2024\\\/12\\\/image-5.jpeg\",\"datePublished\":\"2024-12-17T13:20:35+00:00\",\"dateModified\":\"2026-01-07T10:45:00+00:00\",\"description\":\"Ota yhteytt\u00e4 helposti psykologille \u2013 varaa aika keskusteluun tai l\u00e4het\u00e4 viesti. Kaikki yhteydenotot k\u00e4sitell\u00e4\u00e4n luottamuksellisesti ja nopeasti.\",\"breadcrumb\":{\"@id\":\"https:\\\/\\\/psyykkari.fi\\\/index.php\\\/psykologipalvelu\\\/yhteydenottolomake\\\/#breadcrumb\"},\"inLanguage\":\"fi\",\"potentialAction\":[{\"@type\":\"ReadAction\",\"target\":[\"https:\\\/\\\/psyykkari.fi\\\/index.php\\\/psykologipalvelu\\\/yhteydenottolomake\\\/\"]}]},{\"@type\":\"ImageObject\",\"inLanguage\":\"fi\",\"@id\":\"https:\\\/\\\/psyykkari.fi\\\/index.php\\\/psykologipalvelu\\\/yhteydenottolomake\\\/#primaryimage\",\"url\":\"https:\\\/\\\/psyykkari.fi\\\/wp-content\\\/uploads\\\/2024\\\/12\\\/image-5.jpeg\",\"contentUrl\":\"https:\\\/\\\/psyykkari.fi\\\/wp-content\\\/uploads\\\/2024\\\/12\\\/image-5.jpeg\",\"width\":1024,\"height\":1024},{\"@type\":\"BreadcrumbList\",\"@id\":\"https:\\\/\\\/psyykkari.fi\\\/index.php\\\/psykologipalvelu\\\/yhteydenottolomake\\\/#breadcrumb\",\"itemListElement\":[{\"@type\":\"ListItem\",\"position\":1,\"name\":\"Etusivu\",\"item\":\"https:\\\/\\\/psyykkari.fi\\\/\"},{\"@type\":\"ListItem\",\"position\":2,\"name\":\"Etusivu\",\"item\":\"https:\\\/\\\/psyykkari.fi\\\/\"},{\"@type\":\"ListItem\",\"position\":3,\"name\":\"Yhteydenotto\"}]},{\"@type\":\"WebSite\",\"@id\":\"https:\\\/\\\/psyykkari.fi\\\/#website\",\"url\":\"https:\\\/\\\/psyykkari.fi\\\/\",\"name\":\"Psykologipalvelu Kari Kilpel\u00e4inen\",\"description\":\"Ratkaisukeskeist&auml; keskustelutukea\",\"publisher\":{\"@id\":\"https:\\\/\\\/psyykkari.fi\\\/#organization\"},\"potentialAction\":[{\"@type\":\"SearchAction\",\"target\":{\"@type\":\"EntryPoint\",\"urlTemplate\":\"https:\\\/\\\/psyykkari.fi\\\/?s={search_term_string}\"},\"query-input\":{\"@type\":\"PropertyValueSpecification\",\"valueRequired\":true,\"valueName\":\"search_term_string\"}}],\"inLanguage\":\"fi\"},{\"@type\":\"Organization\",\"@id\":\"https:\\\/\\\/psyykkari.fi\\\/#organization\",\"name\":\"Psykologipalvelu Kari Kilpel\u00e4inen\",\"url\":\"https:\\\/\\\/psyykkari.fi\\\/\",\"logo\":{\"@type\":\"ImageObject\",\"inLanguage\":\"fi\",\"@id\":\"https:\\\/\\\/psyykkari.fi\\\/#\\\/schema\\\/logo\\\/image\\\/\",\"url\":\"https:\\\/\\\/psyykkari.fi\\\/wp-content\\\/uploads\\\/2025\\\/12\\\/logo500.avif\",\"contentUrl\":\"https:\\\/\\\/psyykkari.fi\\\/wp-content\\\/uploads\\\/2025\\\/12\\\/logo500.avif\",\"width\":500,\"height\":500,\"caption\":\"Psykologipalvelu Kari Kilpel\u00e4inen\"},\"image\":{\"@id\":\"https:\\\/\\\/psyykkari.fi\\\/#\\\/schema\\\/logo\\\/image\\\/\"},\"sameAs\":[\"https:\\\/\\\/www.facebook.com\\\/profile.php?id=61569898660827\"]}]}<\/script>\n<!-- \/ Yoast SEO plugin. -->","yoast_head_json":{"title":"Yhteydenotto - Psykologipalvelu Kari Kilpel&auml;inen","description":"Ota yhteytt\u00e4 helposti psykologille \u2013 varaa aika keskusteluun tai l\u00e4het\u00e4 viesti. Kaikki yhteydenotot k\u00e4sitell\u00e4\u00e4n luottamuksellisesti ja nopeasti.","robots":{"index":"index","follow":"follow","max-snippet":"max-snippet:-1","max-image-preview":"max-image-preview:large","max-video-preview":"max-video-preview:-1"},"canonical":"https:\/\/psyykkari.fi\/index.php\/psykologipalvelu\/yhteydenottolomake\/","og_locale":"fi_FI","og_type":"article","og_title":"Yhteydenotto - Psykologipalvelu Kari Kilpel&auml;inen","og_description":"Ota yhteytt\u00e4 helposti psykologille \u2013 varaa aika keskusteluun tai l\u00e4het\u00e4 viesti. Kaikki yhteydenotot k\u00e4sitell\u00e4\u00e4n luottamuksellisesti ja nopeasti.","og_url":"https:\/\/psyykkari.fi\/index.php\/psykologipalvelu\/yhteydenottolomake\/","og_site_name":"Psykologipalvelu Kari Kilpel&auml;inen","article_publisher":"https:\/\/www.facebook.com\/profile.php?id=61569898660827","article_modified_time":"2026-01-07T10:45:00+00:00","og_image":[{"width":1024,"height":1024,"url":"https:\/\/psyykkari.fi\/wp-content\/uploads\/2024\/12\/image-5.jpeg","type":"image\/jpeg"}],"twitter_card":"summary_large_image","twitter_misc":{"Arvioitu lukuaika":"1 minuutti"},"schema":{"@context":"https:\/\/schema.org","@graph":[{"@type":"WebPage","@id":"https:\/\/psyykkari.fi\/index.php\/psykologipalvelu\/yhteydenottolomake\/","url":"https:\/\/psyykkari.fi\/index.php\/psykologipalvelu\/yhteydenottolomake\/","name":"Yhteydenotto - Psykologipalvelu Kari Kilpel&auml;inen","isPartOf":{"@id":"https:\/\/psyykkari.fi\/#website"},"primaryImageOfPage":{"@id":"https:\/\/psyykkari.fi\/index.php\/psykologipalvelu\/yhteydenottolomake\/#primaryimage"},"image":{"@id":"https:\/\/psyykkari.fi\/index.php\/psykologipalvelu\/yhteydenottolomake\/#primaryimage"},"thumbnailUrl":"https:\/\/psyykkari.fi\/wp-content\/uploads\/2024\/12\/image-5.jpeg","datePublished":"2024-12-17T13:20:35+00:00","dateModified":"2026-01-07T10:45:00+00:00","description":"Ota yhteytt\u00e4 helposti psykologille \u2013 varaa aika keskusteluun tai l\u00e4het\u00e4 viesti. Kaikki yhteydenotot k\u00e4sitell\u00e4\u00e4n luottamuksellisesti ja nopeasti.","breadcrumb":{"@id":"https:\/\/psyykkari.fi\/index.php\/psykologipalvelu\/yhteydenottolomake\/#breadcrumb"},"inLanguage":"fi","potentialAction":[{"@type":"ReadAction","target":["https:\/\/psyykkari.fi\/index.php\/psykologipalvelu\/yhteydenottolomake\/"]}]},{"@type":"ImageObject","inLanguage":"fi","@id":"https:\/\/psyykkari.fi\/index.php\/psykologipalvelu\/yhteydenottolomake\/#primaryimage","url":"https:\/\/psyykkari.fi\/wp-content\/uploads\/2024\/12\/image-5.jpeg","contentUrl":"https:\/\/psyykkari.fi\/wp-content\/uploads\/2024\/12\/image-5.jpeg","width":1024,"height":1024},{"@type":"BreadcrumbList","@id":"https:\/\/psyykkari.fi\/index.php\/psykologipalvelu\/yhteydenottolomake\/#breadcrumb","itemListElement":[{"@type":"ListItem","position":1,"name":"Etusivu","item":"https:\/\/psyykkari.fi\/"},{"@type":"ListItem","position":2,"name":"Etusivu","item":"https:\/\/psyykkari.fi\/"},{"@type":"ListItem","position":3,"name":"Yhteydenotto"}]},{"@type":"WebSite","@id":"https:\/\/psyykkari.fi\/#website","url":"https:\/\/psyykkari.fi\/","name":"Psykologipalvelu Kari Kilpel\u00e4inen","description":"Ratkaisukeskeist&auml; keskustelutukea","publisher":{"@id":"https:\/\/psyykkari.fi\/#organization"},"potentialAction":[{"@type":"SearchAction","target":{"@type":"EntryPoint","urlTemplate":"https:\/\/psyykkari.fi\/?s={search_term_string}"},"query-input":{"@type":"PropertyValueSpecification","valueRequired":true,"valueName":"search_term_string"}}],"inLanguage":"fi"},{"@type":"Organization","@id":"https:\/\/psyykkari.fi\/#organization","name":"Psykologipalvelu Kari Kilpel\u00e4inen","url":"https:\/\/psyykkari.fi\/","logo":{"@type":"ImageObject","inLanguage":"fi","@id":"https:\/\/psyykkari.fi\/#\/schema\/logo\/image\/","url":"https:\/\/psyykkari.fi\/wp-content\/uploads\/2025\/12\/logo500.avif","contentUrl":"https:\/\/psyykkari.fi\/wp-content\/uploads\/2025\/12\/logo500.avif","width":500,"height":500,"caption":"Psykologipalvelu Kari Kilpel\u00e4inen"},"image":{"@id":"https:\/\/psyykkari.fi\/#\/schema\/logo\/image\/"},"sameAs":["https:\/\/www.facebook.com\/profile.php?id=61569898660827"]}]}},"_links":{"self":[{"href":"https:\/\/psyykkari.fi\/index.php\/wp-json\/wp\/v2\/pages\/181","targetHints":{"allow":["GET"]}}],"collection":[{"href":"https:\/\/psyykkari.fi\/index.php\/wp-json\/wp\/v2\/pages"}],"about":[{"href":"https:\/\/psyykkari.fi\/index.php\/wp-json\/wp\/v2\/types\/page"}],"author":[{"embeddable":true,"href":"https:\/\/psyykkari.fi\/index.php\/wp-json\/wp\/v2\/users\/1"}],"replies":[{"embeddable":true,"href":"https:\/\/psyykkari.fi\/index.php\/wp-json\/wp\/v2\/comments?post=181"}],"version-history":[{"count":91,"href":"https:\/\/psyykkari.fi\/index.php\/wp-json\/wp\/v2\/pages\/181\/revisions"}],"predecessor-version":[{"id":1579,"href":"https:\/\/psyykkari.fi\/index.php\/wp-json\/wp\/v2\/pages\/181\/revisions\/1579"}],"up":[{"embeddable":true,"href":"https:\/\/psyykkari.fi\/index.php\/wp-json\/wp\/v2\/pages\/6"}],"wp:featuredmedia":[{"embeddable":true,"href":"https:\/\/psyykkari.fi\/index.php\/wp-json\/wp\/v2\/media\/227"}],"wp:attachment":[{"href":"https:\/\/psyykkari.fi\/index.php\/wp-json\/wp\/v2\/media?parent=181"}],"curies":[{"name":"wp","href":"https:\/\/api.w.org\/{rel}","templated":true}]}}