{"id":1285,"date":"2025-11-22T06:26:44","date_gmt":"2025-11-22T06:26:44","guid":{"rendered":"https:\/\/psyykkari.fi\/?page_id=1285"},"modified":"2025-11-22T06:33:31","modified_gmt":"2025-11-22T06:33:31","slug":"lisatietoa-etayhteyden-kaytosta-terapiassa","status":"publish","type":"page","link":"https:\/\/psyykkari.fi\/index.php\/lisatietoa-etayhteyden-kaytosta-terapiassa\/","title":{"rendered":"Lis\u00e4tietoa et\u00e4yhteyden k\u00e4yt\u00f6st\u00e4 terapiassa:"},"content":{"rendered":"\n<div class=\"wp-block-media-text alignwide has-media-on-the-right is-stacked-on-mobile\"><div class=\"wp-block-media-text__content\">\n<ul class=\"wp-block-list\">\n<li><a href=\"https:\/\/blogi.minduu.fi\/blogi\/psykoterapian-abc\/psykoterapiaa-etana\/\" target=\"_blank\" rel=\"noreferrer noopener\"><strong>Psykoterapiaa et\u00e4n\u00e4<\/strong>, Minduu.fi blogi<\/a><\/li>\n\n\n\n<li><a href=\"https:\/\/yle.fi\/a\/3-12239823\" target=\"_blank\" rel=\"noreferrer noopener\"><strong>Moni asiakas kokee et\u00e4terapian paremmaksi kuin fyysiset tapaamiset<\/strong> \u2013 psykologi Satu Pihlaja kertoo miksi<\/a><\/li>\n<\/ul>\n<\/div><figure class=\"wp-block-media-text__media\"><img data-dominant-color=\"5f717b\" data-has-transparency=\"true\" style=\"--dominant-color: #5f717b;\" loading=\"lazy\" decoding=\"async\" width=\"1024\" height=\"1024\" src=\"https:\/\/psyykkari.fi\/wp-content\/uploads\/2025\/11\/Aalto4-1024x1024.avif\" alt=\"\" class=\"wp-image-1273 size-full has-transparency\" srcset=\"https:\/\/psyykkari.fi\/wp-content\/uploads\/2025\/11\/Aalto4-1024x1024.avif 1024w, https:\/\/psyykkari.fi\/wp-content\/uploads\/2025\/11\/Aalto4-300x300.avif 300w, https:\/\/psyykkari.fi\/wp-content\/uploads\/2025\/11\/Aalto4-150x150.avif 150w, https:\/\/psyykkari.fi\/wp-content\/uploads\/2025\/11\/Aalto4-768x768.avif 768w, https:\/\/psyykkari.fi\/wp-content\/uploads\/2025\/11\/Aalto4-1536x1536.avif 1536w, https:\/\/psyykkari.fi\/wp-content\/uploads\/2025\/11\/Aalto4.avif 1800w\" sizes=\"auto, (max-width: 1024px) 100vw, 1024px\" \/><\/figure><\/div>\n\n\n\n<div class=\"wp-block-media-text alignwide is-stacked-on-mobile\"><figure class=\"wp-block-media-text__media\"><img data-dominant-color=\"857c74\" data-has-transparency=\"false\" style=\"--dominant-color: #857c74;\" loading=\"lazy\" decoding=\"async\" width=\"1024\" height=\"1024\" src=\"https:\/\/psyykkari.fi\/wp-content\/uploads\/2025\/08\/D215CEE2-FBF9-48BA-8A93-374EDED743AE.avif\" alt=\"\" class=\"wp-image-1038 size-full not-transparent\" srcset=\"https:\/\/psyykkari.fi\/wp-content\/uploads\/2025\/08\/D215CEE2-FBF9-48BA-8A93-374EDED743AE.avif 1024w, https:\/\/psyykkari.fi\/wp-content\/uploads\/2025\/08\/D215CEE2-FBF9-48BA-8A93-374EDED743AE-300x300.avif 300w, https:\/\/psyykkari.fi\/wp-content\/uploads\/2025\/08\/D215CEE2-FBF9-48BA-8A93-374EDED743AE-150x150.avif 150w, https:\/\/psyykkari.fi\/wp-content\/uploads\/2025\/08\/D215CEE2-FBF9-48BA-8A93-374EDED743AE-768x768.avif 768w\" sizes=\"auto, (max-width: 1024px) 100vw, 1024px\" \/><\/figure><div class=\"wp-block-media-text__content\">\n<p><strong>L\u00e4hteit\u00e4<\/strong>:<\/p>\n\n\n\n<p>Psykoterapian suuntaukset &#8211; Mielenterveystalo.fi <a href=\"https:\/\/www.mielenterveystalo.fi\/fi\/terapia\/psykoterapian-suuntaukset\" target=\"_blank\" rel=\"noreferrer noopener\">https:\/\/www.mielenterveystalo.fi\/fi\/terapia\/psykoterapian-suuntaukset<\/a><\/p>\n\n\n\n<p>Ratkaisukeskeinen psykoterapia \u2013 mit\u00e4, miksi ja kenelle?<br>\u2022 EMootio Oy <a href=\"https:\/\/www.emootioterapiat.fi\/blogi\/ratkaisukeskeinen-psykoterapia-mita-miksi-ja-kenelle\/\" target=\"_blank\" rel=\"noreferrer noopener\">https:\/\/www.emootioterapiat.fi\/blogi\/ratkaisukeskeinen-psykoterapia-mita-miksi-ja-kenelle\/<\/a><\/p>\n\n\n\n<p>Ratkaisukeskeinen psykoterapia | Mehil\u00e4inen <a href=\"https:\/\/www.mehilainen.fi\/terapiapalvelut\/mielenterveyspalvelut\/ratkaisukeskeinen-psykoterapia\" target=\"_blank\" rel=\"noreferrer noopener\">https:\/\/www.mehilainen.fi\/terapiapalvelut\/mielenterveyspalvelut\/ratkaisukeskeinen-psykoterapia<\/a><\/p>\n\n\n\n<p>Ratkaisukeskeinen psykoterapia k\u00e4yt\u00e4nn\u00f6ss\u00e4 | Minduu.fi <a href=\"https:\/\/minduu.fi\/fi\/psykoterapian-abc\/psykoterapiasuuntaukset\/ratkaisukeskeinen-psykoterapia\/\" target=\"_blank\" rel=\"noreferrer noopener\">https:\/\/minduu.fi\/fi\/psykoterapian-abc\/psykoterapiasuuntaukset\/ratkaisukeskeinen-psykoterapia\/<\/a><\/p>\n\n\n\n<p>Ratkaisukeskeinen terapia | Apu Terveys &#8211; Terve.fi <a href=\"https:\/\/www.terve.fi\/artikkelit\/ratkaisukeskeinen-terapia\" target=\"_blank\" rel=\"noreferrer noopener\">https:\/\/www.terve.fi\/artikkelit\/ratkaisukeskeinen-terapia<\/a><\/p>\n\n\n\n<p>Ratkaisukeskeinen lyhytterapia &#8211; onko se siis ihan oikeaa terapiaa?<br><a href=\"https:\/\/dramasto.fi\/ratkaisukeskeinen-lyhytterapia-onko-se-siis-ihan-oikeaa-terapiaa\/\" target=\"_blank\" rel=\"noreferrer noopener\">https:\/\/dramasto.fi\/ratkaisukeskeinen-lyhytterapia-onko-se-siis-ihan-oikeaa-terapiaa\/<\/a><\/p>\n\n\n\n<p>Ratkaisukeskeinen psykoterapia, kokemuksia? |<\/p>\n\n\n\n<p>Aihe vapaa &#8211; Vauva <a href=\"https:\/\/www.vauva.fi\/keskustelu\/3483289\/ratkaisukeskeinen-psykoterapia-kokemuksia?page=1&amp;changed=1636186177\" target=\"_blank\" rel=\"noreferrer noopener\">https:\/\/www.vauva.fi\/keskustelu\/3483289\/ratkaisukeskeinen-psykoterapia-kokemuksia?page=1&amp;changed=1636186177<\/a><\/p>\n<\/div><\/div>\n","protected":false},"excerpt":{"rendered":"<p>L\u00e4hteit\u00e4: Psykoterapian suuntaukset &#8211; Mielenterveystalo.fi https:\/\/www.mielenterveystalo.fi\/fi\/terapia\/psykoterapian-suuntaukset Ratkaisukeskeinen psykoterapia \u2013 mit\u00e4, miksi ja kenelle?\u2022 EMootio Oy https:\/\/www.emootioterapiat.fi\/blogi\/ratkaisukeskeinen-psykoterapia-mita-miksi-ja-kenelle\/ Ratkaisukeskeinen psykoterapia | Mehil\u00e4inen https:\/\/www.mehilainen.fi\/terapiapalvelut\/mielenterveyspalvelut\/ratkaisukeskeinen-psykoterapia Ratkaisukeskeinen psykoterapia k\u00e4yt\u00e4nn\u00f6ss\u00e4 | Minduu.fi https:\/\/minduu.fi\/fi\/psykoterapian-abc\/psykoterapiasuuntaukset\/ratkaisukeskeinen-psykoterapia\/ Ratkaisukeskeinen terapia | Apu Terveys &#8211; Terve.fi https:\/\/www.terve.fi\/artikkelit\/ratkaisukeskeinen-terapia Ratkaisukeskeinen lyhytterapia &#8211; onko se siis ihan oikeaa terapiaa?https:\/\/dramasto.fi\/ratkaisukeskeinen-lyhytterapia-onko-se-siis-ihan-oikeaa-terapiaa\/ Ratkaisukeskeinen psykoterapia, kokemuksia? | Aihe vapaa &#8211; Vauva https:\/\/www.vauva.fi\/keskustelu\/3483289\/ratkaisukeskeinen-psykoterapia-kokemuksia?page=1&amp;changed=1636186177<\/p>\n","protected":false},"author":1,"featured_media":0,"parent":0,"menu_order":0,"comment_status":"closed","ping_status":"closed","template":"","meta":{"om_disable_all_campaigns":false,"_monsterinsights_skip_tracking":false,"_monsterinsights_sitenote_active":false,"_monsterinsights_sitenote_note":"","_monsterinsights_sitenote_category":0,"footnotes":""},"class_list":["post-1285","page","type-page","status-publish","hentry"],"yoast_head":"<!-- This site is optimized with the Yoast SEO plugin v27.5 - https:\/\/yoast.com\/product\/yoast-seo-wordpress\/ -->\n<title>Lis\u00e4tietoa et\u00e4yhteyden k\u00e4yt\u00f6st\u00e4 terapiassa: - Psykologipalvelu Kari Kilpel&auml;inen<\/title>\n<meta name=\"robots\" content=\"index, follow, max-snippet:-1, max-image-preview:large, max-video-preview:-1\" \/>\n<link rel=\"canonical\" href=\"https:\/\/psyykkari.fi\/index.php\/lisatietoa-etayhteyden-kaytosta-terapiassa\/\" \/>\n<meta property=\"og:locale\" content=\"fi_FI\" \/>\n<meta property=\"og:type\" content=\"article\" \/>\n<meta property=\"og:title\" content=\"Lis\u00e4tietoa et\u00e4yhteyden k\u00e4yt\u00f6st\u00e4 terapiassa: - Psykologipalvelu Kari Kilpel&auml;inen\" \/>\n<meta property=\"og:description\" content=\"L\u00e4hteit\u00e4: Psykoterapian suuntaukset &#8211; Mielenterveystalo.fi https:\/\/www.mielenterveystalo.fi\/fi\/terapia\/psykoterapian-suuntaukset Ratkaisukeskeinen psykoterapia \u2013 mit\u00e4, miksi ja kenelle?\u2022 EMootio Oy https:\/\/www.emootioterapiat.fi\/blogi\/ratkaisukeskeinen-psykoterapia-mita-miksi-ja-kenelle\/ Ratkaisukeskeinen psykoterapia | Mehil\u00e4inen https:\/\/www.mehilainen.fi\/terapiapalvelut\/mielenterveyspalvelut\/ratkaisukeskeinen-psykoterapia Ratkaisukeskeinen psykoterapia k\u00e4yt\u00e4nn\u00f6ss\u00e4 | Minduu.fi https:\/\/minduu.fi\/fi\/psykoterapian-abc\/psykoterapiasuuntaukset\/ratkaisukeskeinen-psykoterapia\/ Ratkaisukeskeinen terapia | Apu Terveys &#8211; Terve.fi https:\/\/www.terve.fi\/artikkelit\/ratkaisukeskeinen-terapia Ratkaisukeskeinen lyhytterapia &#8211; onko se siis ihan oikeaa terapiaa?https:\/\/dramasto.fi\/ratkaisukeskeinen-lyhytterapia-onko-se-siis-ihan-oikeaa-terapiaa\/ Ratkaisukeskeinen psykoterapia, kokemuksia? | Aihe vapaa &#8211; Vauva https:\/\/www.vauva.fi\/keskustelu\/3483289\/ratkaisukeskeinen-psykoterapia-kokemuksia?page=1&amp;changed=1636186177\" \/>\n<meta property=\"og:url\" content=\"https:\/\/psyykkari.fi\/index.php\/lisatietoa-etayhteyden-kaytosta-terapiassa\/\" \/>\n<meta property=\"og:site_name\" content=\"Psykologipalvelu Kari Kilpel&auml;inen\" \/>\n<meta property=\"article:publisher\" content=\"https:\/\/www.facebook.com\/profile.php?id=61569898660827\" \/>\n<meta property=\"article:modified_time\" content=\"2025-11-22T06:33:31+00:00\" \/>\n<meta property=\"og:image\" content=\"https:\/\/psyykkari.fi\/wp-content\/uploads\/2025\/11\/Aalto4.avif\" \/>\n\t<meta property=\"og:image:width\" content=\"1800\" \/>\n\t<meta property=\"og:image:height\" content=\"1800\" \/>\n\t<meta property=\"og:image:type\" content=\"image\/png\" \/>\n<meta name=\"twitter:card\" content=\"summary_large_image\" \/>\n<meta name=\"twitter:label1\" content=\"Arvioitu lukuaika\" \/>\n\t<meta name=\"twitter:data1\" content=\"1 minuutti\" \/>\n<script type=\"application\/ld+json\" class=\"yoast-schema-graph\">{\"@context\":\"https:\\\/\\\/schema.org\",\"@graph\":[{\"@type\":\"WebPage\",\"@id\":\"https:\\\/\\\/psyykkari.fi\\\/index.php\\\/lisatietoa-etayhteyden-kaytosta-terapiassa\\\/\",\"url\":\"https:\\\/\\\/psyykkari.fi\\\/index.php\\\/lisatietoa-etayhteyden-kaytosta-terapiassa\\\/\",\"name\":\"Lis\u00e4tietoa et\u00e4yhteyden k\u00e4yt\u00f6st\u00e4 terapiassa: - Psykologipalvelu Kari Kilpel&auml;inen\",\"isPartOf\":{\"@id\":\"https:\\\/\\\/psyykkari.fi\\\/#website\"},\"primaryImageOfPage\":{\"@id\":\"https:\\\/\\\/psyykkari.fi\\\/index.php\\\/lisatietoa-etayhteyden-kaytosta-terapiassa\\\/#primaryimage\"},\"image\":{\"@id\":\"https:\\\/\\\/psyykkari.fi\\\/index.php\\\/lisatietoa-etayhteyden-kaytosta-terapiassa\\\/#primaryimage\"},\"thumbnailUrl\":\"https:\\\/\\\/psyykkari.fi\\\/wp-content\\\/uploads\\\/2025\\\/11\\\/Aalto4-1024x1024.avif\",\"datePublished\":\"2025-11-22T06:26:44+00:00\",\"dateModified\":\"2025-11-22T06:33:31+00:00\",\"breadcrumb\":{\"@id\":\"https:\\\/\\\/psyykkari.fi\\\/index.php\\\/lisatietoa-etayhteyden-kaytosta-terapiassa\\\/#breadcrumb\"},\"inLanguage\":\"fi\",\"potentialAction\":[{\"@type\":\"ReadAction\",\"target\":[\"https:\\\/\\\/psyykkari.fi\\\/index.php\\\/lisatietoa-etayhteyden-kaytosta-terapiassa\\\/\"]}]},{\"@type\":\"ImageObject\",\"inLanguage\":\"fi\",\"@id\":\"https:\\\/\\\/psyykkari.fi\\\/index.php\\\/lisatietoa-etayhteyden-kaytosta-terapiassa\\\/#primaryimage\",\"url\":\"https:\\\/\\\/psyykkari.fi\\\/wp-content\\\/uploads\\\/2025\\\/11\\\/Aalto4.avif\",\"contentUrl\":\"https:\\\/\\\/psyykkari.fi\\\/wp-content\\\/uploads\\\/2025\\\/11\\\/Aalto4.avif\",\"width\":1800,\"height\":1800},{\"@type\":\"BreadcrumbList\",\"@id\":\"https:\\\/\\\/psyykkari.fi\\\/index.php\\\/lisatietoa-etayhteyden-kaytosta-terapiassa\\\/#breadcrumb\",\"itemListElement\":[{\"@type\":\"ListItem\",\"position\":1,\"name\":\"Etusivu\",\"item\":\"https:\\\/\\\/psyykkari.fi\\\/\"},{\"@type\":\"ListItem\",\"position\":2,\"name\":\"Lis\u00e4tietoa et\u00e4yhteyden k\u00e4yt\u00f6st\u00e4 terapiassa:\"}]},{\"@type\":\"WebSite\",\"@id\":\"https:\\\/\\\/psyykkari.fi\\\/#website\",\"url\":\"https:\\\/\\\/psyykkari.fi\\\/\",\"name\":\"Psykologipalvelu Kari Kilpel\u00e4inen\",\"description\":\"Ratkaisukeskeist&auml; keskustelutukea\",\"publisher\":{\"@id\":\"https:\\\/\\\/psyykkari.fi\\\/#organization\"},\"potentialAction\":[{\"@type\":\"SearchAction\",\"target\":{\"@type\":\"EntryPoint\",\"urlTemplate\":\"https:\\\/\\\/psyykkari.fi\\\/?s={search_term_string}\"},\"query-input\":{\"@type\":\"PropertyValueSpecification\",\"valueRequired\":true,\"valueName\":\"search_term_string\"}}],\"inLanguage\":\"fi\"},{\"@type\":\"Organization\",\"@id\":\"https:\\\/\\\/psyykkari.fi\\\/#organization\",\"name\":\"Psykologipalvelu Kari Kilpel\u00e4inen\",\"url\":\"https:\\\/\\\/psyykkari.fi\\\/\",\"logo\":{\"@type\":\"ImageObject\",\"inLanguage\":\"fi\",\"@id\":\"https:\\\/\\\/psyykkari.fi\\\/#\\\/schema\\\/logo\\\/image\\\/\",\"url\":\"https:\\\/\\\/psyykkari.fi\\\/wp-content\\\/uploads\\\/2025\\\/12\\\/logo500.avif\",\"contentUrl\":\"https:\\\/\\\/psyykkari.fi\\\/wp-content\\\/uploads\\\/2025\\\/12\\\/logo500.avif\",\"width\":500,\"height\":500,\"caption\":\"Psykologipalvelu Kari Kilpel\u00e4inen\"},\"image\":{\"@id\":\"https:\\\/\\\/psyykkari.fi\\\/#\\\/schema\\\/logo\\\/image\\\/\"},\"sameAs\":[\"https:\\\/\\\/www.facebook.com\\\/profile.php?id=61569898660827\"]}]}<\/script>\n<!-- \/ Yoast SEO plugin. -->","yoast_head_json":{"title":"Lis\u00e4tietoa et\u00e4yhteyden k\u00e4yt\u00f6st\u00e4 terapiassa: - Psykologipalvelu Kari Kilpel&auml;inen","robots":{"index":"index","follow":"follow","max-snippet":"max-snippet:-1","max-image-preview":"max-image-preview:large","max-video-preview":"max-video-preview:-1"},"canonical":"https:\/\/psyykkari.fi\/index.php\/lisatietoa-etayhteyden-kaytosta-terapiassa\/","og_locale":"fi_FI","og_type":"article","og_title":"Lis\u00e4tietoa et\u00e4yhteyden k\u00e4yt\u00f6st\u00e4 terapiassa: - Psykologipalvelu Kari Kilpel&auml;inen","og_description":"L\u00e4hteit\u00e4: Psykoterapian suuntaukset &#8211; Mielenterveystalo.fi https:\/\/www.mielenterveystalo.fi\/fi\/terapia\/psykoterapian-suuntaukset Ratkaisukeskeinen psykoterapia \u2013 mit\u00e4, miksi ja kenelle?\u2022 EMootio Oy https:\/\/www.emootioterapiat.fi\/blogi\/ratkaisukeskeinen-psykoterapia-mita-miksi-ja-kenelle\/ Ratkaisukeskeinen psykoterapia | Mehil\u00e4inen https:\/\/www.mehilainen.fi\/terapiapalvelut\/mielenterveyspalvelut\/ratkaisukeskeinen-psykoterapia Ratkaisukeskeinen psykoterapia k\u00e4yt\u00e4nn\u00f6ss\u00e4 | Minduu.fi https:\/\/minduu.fi\/fi\/psykoterapian-abc\/psykoterapiasuuntaukset\/ratkaisukeskeinen-psykoterapia\/ Ratkaisukeskeinen terapia | Apu Terveys &#8211; Terve.fi https:\/\/www.terve.fi\/artikkelit\/ratkaisukeskeinen-terapia Ratkaisukeskeinen lyhytterapia &#8211; onko se siis ihan oikeaa terapiaa?https:\/\/dramasto.fi\/ratkaisukeskeinen-lyhytterapia-onko-se-siis-ihan-oikeaa-terapiaa\/ Ratkaisukeskeinen psykoterapia, kokemuksia? | Aihe vapaa &#8211; Vauva https:\/\/www.vauva.fi\/keskustelu\/3483289\/ratkaisukeskeinen-psykoterapia-kokemuksia?page=1&amp;changed=1636186177","og_url":"https:\/\/psyykkari.fi\/index.php\/lisatietoa-etayhteyden-kaytosta-terapiassa\/","og_site_name":"Psykologipalvelu Kari Kilpel&auml;inen","article_publisher":"https:\/\/www.facebook.com\/profile.php?id=61569898660827","article_modified_time":"2025-11-22T06:33:31+00:00","og_image":[{"width":1800,"height":1800,"url":"https:\/\/psyykkari.fi\/wp-content\/uploads\/2025\/11\/Aalto4.avif","type":"image\/png"}],"twitter_card":"summary_large_image","twitter_misc":{"Arvioitu lukuaika":"1 minuutti"},"schema":{"@context":"https:\/\/schema.org","@graph":[{"@type":"WebPage","@id":"https:\/\/psyykkari.fi\/index.php\/lisatietoa-etayhteyden-kaytosta-terapiassa\/","url":"https:\/\/psyykkari.fi\/index.php\/lisatietoa-etayhteyden-kaytosta-terapiassa\/","name":"Lis\u00e4tietoa et\u00e4yhteyden k\u00e4yt\u00f6st\u00e4 terapiassa: - Psykologipalvelu Kari Kilpel&auml;inen","isPartOf":{"@id":"https:\/\/psyykkari.fi\/#website"},"primaryImageOfPage":{"@id":"https:\/\/psyykkari.fi\/index.php\/lisatietoa-etayhteyden-kaytosta-terapiassa\/#primaryimage"},"image":{"@id":"https:\/\/psyykkari.fi\/index.php\/lisatietoa-etayhteyden-kaytosta-terapiassa\/#primaryimage"},"thumbnailUrl":"https:\/\/psyykkari.fi\/wp-content\/uploads\/2025\/11\/Aalto4-1024x1024.avif","datePublished":"2025-11-22T06:26:44+00:00","dateModified":"2025-11-22T06:33:31+00:00","breadcrumb":{"@id":"https:\/\/psyykkari.fi\/index.php\/lisatietoa-etayhteyden-kaytosta-terapiassa\/#breadcrumb"},"inLanguage":"fi","potentialAction":[{"@type":"ReadAction","target":["https:\/\/psyykkari.fi\/index.php\/lisatietoa-etayhteyden-kaytosta-terapiassa\/"]}]},{"@type":"ImageObject","inLanguage":"fi","@id":"https:\/\/psyykkari.fi\/index.php\/lisatietoa-etayhteyden-kaytosta-terapiassa\/#primaryimage","url":"https:\/\/psyykkari.fi\/wp-content\/uploads\/2025\/11\/Aalto4.avif","contentUrl":"https:\/\/psyykkari.fi\/wp-content\/uploads\/2025\/11\/Aalto4.avif","width":1800,"height":1800},{"@type":"BreadcrumbList","@id":"https:\/\/psyykkari.fi\/index.php\/lisatietoa-etayhteyden-kaytosta-terapiassa\/#breadcrumb","itemListElement":[{"@type":"ListItem","position":1,"name":"Etusivu","item":"https:\/\/psyykkari.fi\/"},{"@type":"ListItem","position":2,"name":"Lis\u00e4tietoa et\u00e4yhteyden k\u00e4yt\u00f6st\u00e4 terapiassa:"}]},{"@type":"WebSite","@id":"https:\/\/psyykkari.fi\/#website","url":"https:\/\/psyykkari.fi\/","name":"Psykologipalvelu Kari Kilpel\u00e4inen","description":"Ratkaisukeskeist&auml; keskustelutukea","publisher":{"@id":"https:\/\/psyykkari.fi\/#organization"},"potentialAction":[{"@type":"SearchAction","target":{"@type":"EntryPoint","urlTemplate":"https:\/\/psyykkari.fi\/?s={search_term_string}"},"query-input":{"@type":"PropertyValueSpecification","valueRequired":true,"valueName":"search_term_string"}}],"inLanguage":"fi"},{"@type":"Organization","@id":"https:\/\/psyykkari.fi\/#organization","name":"Psykologipalvelu Kari Kilpel\u00e4inen","url":"https:\/\/psyykkari.fi\/","logo":{"@type":"ImageObject","inLanguage":"fi","@id":"https:\/\/psyykkari.fi\/#\/schema\/logo\/image\/","url":"https:\/\/psyykkari.fi\/wp-content\/uploads\/2025\/12\/logo500.avif","contentUrl":"https:\/\/psyykkari.fi\/wp-content\/uploads\/2025\/12\/logo500.avif","width":500,"height":500,"caption":"Psykologipalvelu Kari Kilpel\u00e4inen"},"image":{"@id":"https:\/\/psyykkari.fi\/#\/schema\/logo\/image\/"},"sameAs":["https:\/\/www.facebook.com\/profile.php?id=61569898660827"]}]}},"_links":{"self":[{"href":"https:\/\/psyykkari.fi\/index.php\/wp-json\/wp\/v2\/pages\/1285","targetHints":{"allow":["GET"]}}],"collection":[{"href":"https:\/\/psyykkari.fi\/index.php\/wp-json\/wp\/v2\/pages"}],"about":[{"href":"https:\/\/psyykkari.fi\/index.php\/wp-json\/wp\/v2\/types\/page"}],"author":[{"embeddable":true,"href":"https:\/\/psyykkari.fi\/index.php\/wp-json\/wp\/v2\/users\/1"}],"replies":[{"embeddable":true,"href":"https:\/\/psyykkari.fi\/index.php\/wp-json\/wp\/v2\/comments?post=1285"}],"version-history":[{"count":3,"href":"https:\/\/psyykkari.fi\/index.php\/wp-json\/wp\/v2\/pages\/1285\/revisions"}],"predecessor-version":[{"id":1292,"href":"https:\/\/psyykkari.fi\/index.php\/wp-json\/wp\/v2\/pages\/1285\/revisions\/1292"}],"wp:attachment":[{"href":"https:\/\/psyykkari.fi\/index.php\/wp-json\/wp\/v2\/media?parent=1285"}],"curies":[{"name":"wp","href":"https:\/\/api.w.org\/{rel}","templated":true}]}}